{"id":1975,"date":"2019-12-17T12:36:38","date_gmt":"2019-12-17T11:36:38","guid":{"rendered":"https:\/\/solene.qodeinteractive.com\/elementor\/?page_id=1975"},"modified":"2025-09-06T15:40:39","modified_gmt":"2025-09-06T13:40:39","slug":"romantische-und-natuerliche-hochzeitsfotografie-tirol","status":"publish","type":"page","link":"https:\/\/mk-deinfotograf.at\/","title":{"rendered":"Home"},"content":{"rendered":"\t\t<div data-elementor-type=\"wp-page\" data-elementor-id=\"1975\" class=\"elementor elementor-1975\">\n\t\t\t\t\t\t<section class=\"elementor-section elementor-top-section elementor-element elementor-element-3cefb6e elementor-section-boxed elementor-section-height-default elementor-section-height-default eltdf-parallax-row-no eltdf-content-aligment-left eltdf-elementor-row-grid-no eltdf-disabled-bg-image-bellow-no\" data-id=\"3cefb6e\" data-element_type=\"section\">\n\t\t\t\t\t\t<div class=\"elementor-container elementor-column-gap-default\">\n\t\t\t\t\t<div class=\"elementor-column elementor-col-100 elementor-top-column elementor-element elementor-element-185d35f\" data-id=\"185d35f\" data-element_type=\"column\">\n\t\t\t<div class=\"elementor-widget-wrap\">\n\t\t\t\t\t\t\t<\/div>\n\t\t<\/div>\n\t\t\t\t\t<\/div>\n\t\t<\/section>\n\t\t\t\t<section class=\"elementor-section elementor-top-section elementor-element elementor-element-c868ca4 elementor-section-full_width elementor-section-height-default elementor-section-height-default eltdf-parallax-row-no eltdf-content-aligment-left eltdf-elementor-row-grid-no eltdf-disabled-bg-image-bellow-no\" data-id=\"c868ca4\" data-element_type=\"section\">\n\t\t\t\t\t\t<div class=\"elementor-container elementor-column-gap-default\">\n\t\t\t\t\t<div class=\"elementor-column elementor-col-100 elementor-top-column elementor-element elementor-element-0806676\" data-id=\"0806676\" data-element_type=\"column\">\n\t\t\t<div class=\"elementor-widget-wrap elementor-element-populated\">\n\t\t\t\t\t\t<div class=\"elementor-element elementor-element-dd43372 elementor-widget elementor-widget-slider_revolution\" data-id=\"dd43372\" data-element_type=\"widget\" data-widget_type=\"slider_revolution.default\">\n\t\t\t\t<div class=\"elementor-widget-container\">\n\t\t\t\t\t\n\t\t<div class=\"wp-block-themepunch-revslider\">\n\t\t\t<!-- START authentische Hochzeitsfotos REVOLUTION SLIDER 6.5.11 --><p class=\"rs-p-wp-fix\"><\/p>\n\t\t\t<rs-module-wrap id=\"rev_slider_20_1_wrapper\" data-source=\"gallery\" style=\"visibility:hidden;background:#ffffff;padding:0;\">\n\t\t\t\t<rs-module id=\"rev_slider_20_1\" style=\"\" data-version=\"6.5.11\">\n\t\t\t\t\t<rs-slides>\n\t\t\t\t\t\t<rs-slide style=\"position: absolute;\" data-key=\"rs-48\" data-title=\"Emotionale Hochzeitsbilder\" data-thumb=\"\/\/mk-deinfotograf.at\/wp-content\/uploads\/2024\/10\/Vanessa-Michael-Paarshooting-46-scaled-50x100.jpg\" data-anim=\"ms:800ms;\" data-in=\"o:0;\" data-out=\"a:false;\" data-p1=\"2\">\n\t\t\t\t\t\t\t<img data-recalc-dims=\"1\" fetchpriority=\"high\" decoding=\"async\" src=\"https:\/\/i0.wp.com\/mk-deinfotograf.at\/wp-content\/plugins\/revslider\/public\/assets\/assets\/dummy.png?resize=1100%2C1650\" title=\"Vanessa &amp; Michael\" width=\"1100\" height=\"1650\" class=\"rev-slidebg tp-rs-img rs-lazyload\" data-lazyload=\"\/\/mk-deinfotograf.at\/wp-content\/uploads\/2024\/10\/Vanessa-Michael-Paarshooting-46-scaled.jpg\" data-bg=\"p:center top;f:contain;\" data-parallax=\"off\" data-no-retina>\n<!---->\t\t\t\t\t\t<\/rs-slide>\n\t\t\t\t\t\t<rs-slide style=\"position: absolute;\" data-key=\"rs-101\" data-title=\"Einzigartige Momente\" data-thumb=\"\/\/mk-deinfotograf.at\/wp-content\/uploads\/2024\/10\/Gruppenfotos-81-scaled-50x100.jpg\" data-anim=\"ms:800ms;\" data-in=\"o:0;\" data-out=\"a:false;\" data-p1=\"2\">\n\t\t\t\t\t\t\t<img data-recalc-dims=\"1\" decoding=\"async\" src=\"https:\/\/i0.wp.com\/mk-deinfotograf.at\/wp-content\/plugins\/revslider\/public\/assets\/assets\/dummy.png?resize=1100%2C1650\" alt=\"einzigartige Momente\" title=\"einzigartige Momente\" width=\"1100\" height=\"1650\" class=\"rev-slidebg tp-rs-img rs-lazyload\" data-lazyload=\"\/\/mk-deinfotograf.at\/wp-content\/uploads\/2024\/10\/Gruppenfotos-81-scaled.jpg\" data-bg=\"p:50% 0%;f:contain;\" data-parallax=\"off\" data-no-retina>\n<!---->\t\t\t\t\t\t<\/rs-slide>\n\t\t\t\t\t\t<rs-slide style=\"position: absolute;\" data-key=\"rs-50\" data-title=\"Love Stories\" data-anim=\"ms:800ms;\" data-in=\"o:0;\" data-out=\"a:false;\" data-p1=\"2\">\n\t\t\t\t\t\t\t<img data-recalc-dims=\"1\" decoding=\"async\" src=\"https:\/\/i0.wp.com\/mk-deinfotograf.at\/wp-content\/plugins\/revslider\/public\/assets\/assets\/dummy.png?resize=1100%2C1650\" title=\"After Wedding &#8211; Zillertaler H\u00f6henstra\u00dfe\" width=\"1100\" height=\"1650\" class=\"rev-slidebg tp-rs-img rs-lazyload\" data-lazyload=\"\/\/i0.wp.com\/mk-deinfotograf.at\/wp-content\/uploads\/2024\/03\/5-1-scaled.jpg?fit=1365%2C2048&ssl=1\" data-bg=\"p:center top;f:contain;\" data-parallax=\"off\" data-no-retina>\n<!---->\t\t\t\t\t\t<\/rs-slide>\n\t\t\t\t\t\t<rs-slide style=\"position: absolute;\" data-key=\"rs-46\" data-title=\"lockeres Shooting\" data-thumb=\"\/\/mk-deinfotograf.at\/wp-content\/uploads\/2024\/10\/Paarshooting-122-scaled-50x100.jpg\" data-anim=\"ms:800ms;\" data-in=\"o:0;\" data-out=\"a:false;\" data-p1=\"2\">\n\t\t\t\t\t\t\t<img data-recalc-dims=\"1\" loading=\"lazy\" decoding=\"async\" src=\"https:\/\/i0.wp.com\/mk-deinfotograf.at\/wp-content\/plugins\/revslider\/public\/assets\/assets\/dummy.png?resize=1100%2C1650\" alt=\"romantische Hochzeitsfotos\" title=\"romantische Hochzeitsfotos\" width=\"1100\" height=\"1650\" class=\"rev-slidebg tp-rs-img rs-lazyload\" data-lazyload=\"\/\/mk-deinfotograf.at\/wp-content\/uploads\/2024\/10\/Paarshooting-122-scaled.jpg\" data-bg=\"p:center top;f:contain;\" data-parallax=\"off\" data-no-retina>\n<!---->\t\t\t\t\t\t<\/rs-slide>\n\t\t\t\t\t\t<rs-slide style=\"position: absolute;\" data-key=\"rs-95\" data-title=\"echtes L\u00e4cheln\" data-thumb=\"\/\/mk-deinfotograf.at\/wp-content\/uploads\/2024\/10\/Getting-Ready-44-scaled-50x100.jpg\" data-anim=\"ms:800ms;\" data-in=\"o:0;\" data-out=\"a:false;\" data-p1=\"2\">\n\t\t\t\t\t\t\t<img data-recalc-dims=\"1\" loading=\"lazy\" decoding=\"async\" src=\"https:\/\/i0.wp.com\/mk-deinfotograf.at\/wp-content\/plugins\/revslider\/public\/assets\/assets\/dummy.png?resize=1100%2C1650\" title=\"Lisa &amp; Fabian\" width=\"1100\" height=\"1650\" class=\"rev-slidebg tp-rs-img rs-lazyload\" data-lazyload=\"\/\/mk-deinfotograf.at\/wp-content\/uploads\/2024\/10\/Getting-Ready-44-scaled.jpg\" data-bg=\"p:center top;f:contain;\" data-parallax=\"off\" data-no-retina>\n<!---->\t\t\t\t\t\t<\/rs-slide>\n\t\t\t\t\t\t<rs-slide style=\"position: absolute;\" data-key=\"rs-74\" data-title=\"Ein Tag voller Erwartungen\" data-anim=\"ms:800ms;\" data-in=\"o:0;\" data-out=\"a:false;\" data-p1=\"2\">\n\t\t\t\t\t\t\t<img data-recalc-dims=\"1\" loading=\"lazy\" decoding=\"async\" src=\"https:\/\/i0.wp.com\/mk-deinfotograf.at\/wp-content\/plugins\/revslider\/public\/assets\/assets\/dummy.png?resize=1100%2C1650\" title=\"An deiner Seite\" width=\"1100\" height=\"1650\" class=\"rev-slidebg tp-rs-img rs-lazyload\" data-lazyload=\"\/\/i0.wp.com\/mk-deinfotograf.at\/wp-content\/uploads\/2024\/03\/4-1-scaled.jpg?fit=1365%2C2048&ssl=1\" data-bg=\"p:center top;f:contain;\" data-parallax=\"off\" data-no-retina>\n<!---->\t\t\t\t\t\t<\/rs-slide>\n\t\t\t\t\t\t<rs-slide style=\"position: absolute;\" data-key=\"rs-47\" data-title=\"ruhige Momente\" data-anim=\"ms:800ms;\" data-in=\"o:0;\" data-out=\"a:false;\" data-p1=\"2\">\n\t\t\t\t\t\t\t<img data-recalc-dims=\"1\" loading=\"lazy\" decoding=\"async\" src=\"https:\/\/i0.wp.com\/mk-deinfotograf.at\/wp-content\/plugins\/revslider\/public\/assets\/assets\/dummy.png?resize=1100%2C1650\" alt=\"hochwertige Hochzeitsbilder aus Tirol\" title=\"hochwertige Hochzeitsbilder aus Triol\" width=\"1100\" height=\"1650\" class=\"rev-slidebg tp-rs-img rs-lazyload\" data-lazyload=\"\/\/i0.wp.com\/mk-deinfotograf.at\/wp-content\/uploads\/2024\/03\/3-1-scaled.jpg?fit=1365%2C2048&ssl=1\" data-bg=\"p:center top;f:contain;\" data-parallax=\"off\" data-no-retina>\n<!---->\t\t\t\t\t\t<\/rs-slide>\n\t\t\t\t\t\t<rs-slide style=\"position: absolute;\" data-key=\"rs-93\" data-title=\"nicht nur ein Tag\" data-anim=\"ms:800ms;\" data-in=\"o:0;\" data-out=\"a:false;\" data-p1=\"2\">\n\t\t\t\t\t\t\t<img data-recalc-dims=\"1\" loading=\"lazy\" decoding=\"async\" src=\"https:\/\/i0.wp.com\/mk-deinfotograf.at\/wp-content\/plugins\/revslider\/public\/assets\/assets\/dummy.png?resize=1100%2C1650\" title=\"After Wedding Shooting\" width=\"1100\" height=\"1650\" class=\"rev-slidebg tp-rs-img rs-lazyload\" data-lazyload=\"\/\/i0.wp.com\/mk-deinfotograf.at\/wp-content\/uploads\/2024\/03\/2-1-scaled.jpg?fit=1365%2C2048&ssl=1\" data-bg=\"p:center top;f:contain;\" data-parallax=\"off\" data-no-retina>\n<!---->\t\t\t\t\t\t<\/rs-slide>\n\t\t\t\t\t\t<rs-slide style=\"position: absolute;\" data-key=\"rs-49\" data-title=\"Close up\" data-anim=\"ms:800ms;\" data-in=\"o:0;\" data-out=\"a:false;\" data-p1=\"2\">\n\t\t\t\t\t\t\t<img data-recalc-dims=\"1\" loading=\"lazy\" decoding=\"async\" src=\"https:\/\/i0.wp.com\/mk-deinfotograf.at\/wp-content\/plugins\/revslider\/public\/assets\/assets\/dummy.png?resize=1100%2C1649\" alt=\"Hochzeitsfotografie aus Tirol\" title=\"Hochzeitsfotografie aus Tirol\" width=\"1100\" height=\"1649\" class=\"rev-slidebg tp-rs-img rs-lazyload\" data-lazyload=\"\/\/i0.wp.com\/mk-deinfotograf.at\/wp-content\/uploads\/2024\/03\/8-1-scaled.jpg?fit=1366%2C2048&ssl=1\" data-bg=\"p:center top;f:contain;\" data-parallax=\"off\" data-no-retina>\n<!---->\t\t\t\t\t\t<\/rs-slide>\n\t\t\t\t\t\t<rs-slide style=\"position: absolute;\" data-key=\"rs-94\" data-title=\"liebevolle Momente\" data-anim=\"ms:800ms;\" data-in=\"o:0;\" data-out=\"a:false;\" data-p1=\"2\">\n\t\t\t\t\t\t\t<img data-recalc-dims=\"1\" loading=\"lazy\" decoding=\"async\" src=\"https:\/\/i0.wp.com\/mk-deinfotograf.at\/wp-content\/plugins\/revslider\/public\/assets\/assets\/dummy.png?resize=1100%2C1650\" title=\"Kleiner Finger Schwur\" width=\"1100\" height=\"1650\" class=\"rev-slidebg tp-rs-img rs-lazyload\" data-lazyload=\"\/\/i0.wp.com\/mk-deinfotograf.at\/wp-content\/uploads\/2024\/03\/9-scaled.jpg?fit=1365%2C2048&ssl=1\" data-bg=\"p:center top;f:contain;\" data-parallax=\"off\" data-no-retina>\n<!---->\t\t\t\t\t\t<\/rs-slide>\n\t\t\t\t\t<\/rs-slides>\n\t\t\t\t<\/rs-module>\n\t\t\t\t<script type=\"text\/javascript\">\n\t\t\t\t\tsetREVStartSize({c: 'rev_slider_20_1',rl:[1240,1024,1024,480],el:[950,748,748,720],gw:[1300,1024,1024,700],gh:[950,748,748,720],type:'carousel',justify:'',layout:'fullscreen',offsetContainer:'',offset:'110px',mh:\"0\"});if (window.RS_MODULES!==undefined && window.RS_MODULES.modules!==undefined && window.RS_MODULES.modules[\"revslider201\"]!==undefined) {window.RS_MODULES.modules[\"revslider201\"].once = false;window.revapi20 = undefined;if (window.RS_MODULES.checkMinimal!==undefined) window.RS_MODULES.checkMinimal()}\n\t\t\t\t<\/script>\n\t\t\t<\/rs-module-wrap>\n\t\t\t<!-- END REVOLUTION SLIDER -->\n<\/div>\n\n\t\t\t\t\t\t<\/div>\n\t\t\t\t<\/div>\n\t\t\t\t\t<\/div>\n\t\t<\/div>\n\t\t\t\t\t<\/div>\n\t\t<\/section>\n\t\t\t\t<section class=\"elementor-section elementor-top-section elementor-element elementor-element-09c77fa elementor-section-boxed elementor-section-height-default elementor-section-height-default eltdf-parallax-row-no eltdf-content-aligment-left eltdf-elementor-row-grid-no eltdf-disabled-bg-image-bellow-no\" data-id=\"09c77fa\" data-element_type=\"section\">\n\t\t\t\t\t\t<div class=\"elementor-container elementor-column-gap-default\">\n\t\t\t\t\t<div class=\"elementor-column elementor-col-100 elementor-top-column elementor-element elementor-element-0fd93cf\" data-id=\"0fd93cf\" data-element_type=\"column\">\n\t\t\t<div class=\"elementor-widget-wrap elementor-element-populated\">\n\t\t\t\t\t\t<div class=\"elementor-element elementor-element-d8d183b elementor-align-center elementor-widget elementor-widget-button\" data-id=\"d8d183b\" data-element_type=\"widget\" data-widget_type=\"button.default\">\n\t\t\t\t<div class=\"elementor-widget-container\">\n\t\t\t\t\t\t\t\t\t<div class=\"elementor-button-wrapper\">\n\t\t\t\t\t<a class=\"elementor-button elementor-button-link elementor-size-md\" href=\"https:\/\/mk-deinfotograf.at\/?page_id=1229\">\n\t\t\t\t\t\t<span class=\"elementor-button-content-wrapper\">\n\t\t\t\t\t\t\t\t\t<span class=\"elementor-button-text\">Jetzt anfragen<\/span>\n\t\t\t\t\t<\/span>\n\t\t\t\t\t<\/a>\n\t\t\t\t<\/div>\n\t\t\t\t\t\t\t\t<\/div>\n\t\t\t\t<\/div>\n\t\t\t\t\t<\/div>\n\t\t<\/div>\n\t\t\t\t\t<\/div>\n\t\t<\/section>\n\t\t\t\t<section class=\"elementor-section elementor-top-section elementor-element elementor-element-6a82f36 elementor-section-boxed elementor-section-height-default elementor-section-height-default eltdf-parallax-row-no eltdf-content-aligment-left eltdf-elementor-row-grid-no eltdf-disabled-bg-image-bellow-no\" data-id=\"6a82f36\" data-element_type=\"section\">\n\t\t\t\t\t\t<div class=\"elementor-container elementor-column-gap-default\">\n\t\t\t\t\t<div class=\"elementor-column elementor-col-100 elementor-top-column elementor-element elementor-element-625eeec\" data-id=\"625eeec\" data-element_type=\"column\">\n\t\t\t<div class=\"elementor-widget-wrap elementor-element-populated\">\n\t\t\t\t\t\t<div class=\"elementor-element elementor-element-482e245 animated-slow elementor-invisible elementor-widget elementor-widget-heading\" data-id=\"482e245\" data-element_type=\"widget\" data-settings=\"{&quot;_animation&quot;:&quot;fadeIn&quot;}\" data-widget_type=\"heading.default\">\n\t\t\t\t<div class=\"elementor-widget-container\">\n\t\t\t\t\t<h1 class=\"elementor-heading-title elementor-size-default\">Dein Hochzeitsfotograf aus Tirol<\/h1>\t\t\t\t<\/div>\n\t\t\t\t<\/div>\n\t\t\t\t<div class=\"elementor-element elementor-element-e1df194 elementor-widget elementor-widget-spacer\" data-id=\"e1df194\" data-element_type=\"widget\" data-widget_type=\"spacer.default\">\n\t\t\t\t<div class=\"elementor-widget-container\">\n\t\t\t\t\t\t\t<div class=\"elementor-spacer\">\n\t\t\t<div class=\"elementor-spacer-inner\"><\/div>\n\t\t<\/div>\n\t\t\t\t\t\t<\/div>\n\t\t\t\t<\/div>\n\t\t\t\t\t<\/div>\n\t\t<\/div>\n\t\t\t\t\t<\/div>\n\t\t<\/section>\n\t\t\t\t<\/div>\n\t\t","protected":false},"excerpt":{"rendered":"<p>Jetzt anfragen Dein Hochzeitsfotograf aus Tirol<\/p>\n","protected":false},"author":2,"featured_media":8673,"parent":0,"menu_order":1,"comment_status":"closed","ping_status":"closed","template":"","meta":{"footnotes":""},"class_list":["post-1975","page","type-page","status-publish","has-post-thumbnail","hentry"],"yoast_head":"<!-- This site is optimized with the Yoast SEO plugin v26.7 - https:\/\/yoast.com\/wordpress\/plugins\/seo\/ -->\n<title>Home - MK - Hochzeitsfotografie<\/title>\n<meta name=\"description\" content=\"Hochzeitsfotograf aus Tirol, romantische und nat\u00fcrliche Hochzeitsbilder mit echten Emotionen! Gerne begleite ich euch und halte die vielen wunderbaren Momente mit meiner Kamera fest\" \/>\n<meta name=\"robots\" content=\"index, follow, max-snippet:-1, max-image-preview:large, max-video-preview:-1\" \/>\n<link rel=\"canonical\" href=\"https:\/\/mk-deinfotograf.at\/\" \/>\n<meta property=\"og:locale\" content=\"de_DE\" \/>\n<meta property=\"og:type\" content=\"article\" \/>\n<meta property=\"og:title\" content=\"Home - MK - Hochzeitsfotografie\" \/>\n<meta property=\"og:description\" content=\"Hochzeitsfotograf aus Tirol, romantische und nat\u00fcrliche Hochzeitsbilder mit echten Emotionen! Gerne begleite ich euch und halte die vielen wunderbaren Momente mit meiner Kamera fest\" \/>\n<meta property=\"og:url\" content=\"https:\/\/mk-deinfotograf.at\/\" \/>\n<meta property=\"og:site_name\" content=\"MK - Hochzeitsfotografie\" \/>\n<meta property=\"article:modified_time\" content=\"2025-09-06T13:40:39+00:00\" \/>\n<meta property=\"og:image\" content=\"https:\/\/mk-deinfotograf.at\/wp-content\/uploads\/2024\/10\/Trauung-115-scaled.jpg\" \/>\n\t<meta property=\"og:image:width\" content=\"2560\" \/>\n\t<meta property=\"og:image:height\" content=\"1707\" \/>\n\t<meta property=\"og:image:type\" content=\"image\/jpeg\" \/>\n<meta name=\"twitter:card\" content=\"summary_large_image\" \/>\n<meta name=\"twitter:label1\" content=\"Gesch\u00e4tzte Lesezeit\" \/>\n\t<meta name=\"twitter:data1\" content=\"1\u00a0Minute\" \/>\n<script type=\"application\/ld+json\" class=\"yoast-schema-graph\">{\"@context\":\"https:\/\/schema.org\",\"@graph\":[{\"@type\":\"WebPage\",\"@id\":\"https:\/\/mk-deinfotograf.at\/\",\"url\":\"https:\/\/mk-deinfotograf.at\/\",\"name\":\"Home - MK - Hochzeitsfotografie\",\"isPartOf\":{\"@id\":\"https:\/\/mk-deinfotograf.at\/#website\"},\"primaryImageOfPage\":{\"@id\":\"https:\/\/mk-deinfotograf.at\/#primaryimage\"},\"image\":{\"@id\":\"https:\/\/mk-deinfotograf.at\/#primaryimage\"},\"thumbnailUrl\":\"https:\/\/i0.wp.com\/mk-deinfotograf.at\/wp-content\/uploads\/2024\/10\/Trauung-115-scaled.jpg?fit=2560%2C1707&ssl=1\",\"datePublished\":\"2019-12-17T11:36:38+00:00\",\"dateModified\":\"2025-09-06T13:40:39+00:00\",\"description\":\"Hochzeitsfotograf aus Tirol, romantische und nat\u00fcrliche Hochzeitsbilder mit echten Emotionen! Gerne begleite ich euch und halte die vielen wunderbaren Momente mit meiner Kamera fest\",\"breadcrumb\":{\"@id\":\"https:\/\/mk-deinfotograf.at\/#breadcrumb\"},\"inLanguage\":\"de\",\"potentialAction\":[{\"@type\":\"ReadAction\",\"target\":[\"https:\/\/mk-deinfotograf.at\/\"]}]},{\"@type\":\"ImageObject\",\"inLanguage\":\"de\",\"@id\":\"https:\/\/mk-deinfotograf.at\/#primaryimage\",\"url\":\"https:\/\/i0.wp.com\/mk-deinfotograf.at\/wp-content\/uploads\/2024\/10\/Trauung-115-scaled.jpg?fit=2560%2C1707&ssl=1\",\"contentUrl\":\"https:\/\/i0.wp.com\/mk-deinfotograf.at\/wp-content\/uploads\/2024\/10\/Trauung-115-scaled.jpg?fit=2560%2C1707&ssl=1\",\"width\":2560,\"height\":1707},{\"@type\":\"BreadcrumbList\",\"@id\":\"https:\/\/mk-deinfotograf.at\/#breadcrumb\",\"itemListElement\":[{\"@type\":\"ListItem\",\"position\":1,\"name\":\"Startseite\",\"item\":\"https:\/\/mk-deinfotograf.at\/\"},{\"@type\":\"ListItem\",\"position\":2,\"name\":\"Home\"}]},{\"@type\":\"WebSite\",\"@id\":\"https:\/\/mk-deinfotograf.at\/#website\",\"url\":\"https:\/\/mk-deinfotograf.at\/\",\"name\":\"MK - Hochzeitsfotografie\",\"description\":\"by Martin Koch\",\"potentialAction\":[{\"@type\":\"SearchAction\",\"target\":{\"@type\":\"EntryPoint\",\"urlTemplate\":\"https:\/\/mk-deinfotograf.at\/?s={search_term_string}\"},\"query-input\":{\"@type\":\"PropertyValueSpecification\",\"valueRequired\":true,\"valueName\":\"search_term_string\"}}],\"inLanguage\":\"de\"}]}<\/script>\n<!-- \/ Yoast SEO plugin. -->","yoast_head_json":{"title":"Home - MK - Hochzeitsfotografie","description":"Hochzeitsfotograf aus Tirol, romantische und nat\u00fcrliche Hochzeitsbilder mit echten Emotionen! Gerne begleite ich euch und halte die vielen wunderbaren Momente mit meiner Kamera fest","robots":{"index":"index","follow":"follow","max-snippet":"max-snippet:-1","max-image-preview":"max-image-preview:large","max-video-preview":"max-video-preview:-1"},"canonical":"https:\/\/mk-deinfotograf.at\/","og_locale":"de_DE","og_type":"article","og_title":"Home - MK - Hochzeitsfotografie","og_description":"Hochzeitsfotograf aus Tirol, romantische und nat\u00fcrliche Hochzeitsbilder mit echten Emotionen! Gerne begleite ich euch und halte die vielen wunderbaren Momente mit meiner Kamera fest","og_url":"https:\/\/mk-deinfotograf.at\/","og_site_name":"MK - Hochzeitsfotografie","article_modified_time":"2025-09-06T13:40:39+00:00","og_image":[{"width":2560,"height":1707,"url":"https:\/\/mk-deinfotograf.at\/wp-content\/uploads\/2024\/10\/Trauung-115-scaled.jpg","type":"image\/jpeg"}],"twitter_card":"summary_large_image","twitter_misc":{"Gesch\u00e4tzte Lesezeit":"1\u00a0Minute"},"schema":{"@context":"https:\/\/schema.org","@graph":[{"@type":"WebPage","@id":"https:\/\/mk-deinfotograf.at\/","url":"https:\/\/mk-deinfotograf.at\/","name":"Home - MK - Hochzeitsfotografie","isPartOf":{"@id":"https:\/\/mk-deinfotograf.at\/#website"},"primaryImageOfPage":{"@id":"https:\/\/mk-deinfotograf.at\/#primaryimage"},"image":{"@id":"https:\/\/mk-deinfotograf.at\/#primaryimage"},"thumbnailUrl":"https:\/\/i0.wp.com\/mk-deinfotograf.at\/wp-content\/uploads\/2024\/10\/Trauung-115-scaled.jpg?fit=2560%2C1707&ssl=1","datePublished":"2019-12-17T11:36:38+00:00","dateModified":"2025-09-06T13:40:39+00:00","description":"Hochzeitsfotograf aus Tirol, romantische und nat\u00fcrliche Hochzeitsbilder mit echten Emotionen! Gerne begleite ich euch und halte die vielen wunderbaren Momente mit meiner Kamera fest","breadcrumb":{"@id":"https:\/\/mk-deinfotograf.at\/#breadcrumb"},"inLanguage":"de","potentialAction":[{"@type":"ReadAction","target":["https:\/\/mk-deinfotograf.at\/"]}]},{"@type":"ImageObject","inLanguage":"de","@id":"https:\/\/mk-deinfotograf.at\/#primaryimage","url":"https:\/\/i0.wp.com\/mk-deinfotograf.at\/wp-content\/uploads\/2024\/10\/Trauung-115-scaled.jpg?fit=2560%2C1707&ssl=1","contentUrl":"https:\/\/i0.wp.com\/mk-deinfotograf.at\/wp-content\/uploads\/2024\/10\/Trauung-115-scaled.jpg?fit=2560%2C1707&ssl=1","width":2560,"height":1707},{"@type":"BreadcrumbList","@id":"https:\/\/mk-deinfotograf.at\/#breadcrumb","itemListElement":[{"@type":"ListItem","position":1,"name":"Startseite","item":"https:\/\/mk-deinfotograf.at\/"},{"@type":"ListItem","position":2,"name":"Home"}]},{"@type":"WebSite","@id":"https:\/\/mk-deinfotograf.at\/#website","url":"https:\/\/mk-deinfotograf.at\/","name":"MK - Hochzeitsfotografie","description":"by Martin Koch","potentialAction":[{"@type":"SearchAction","target":{"@type":"EntryPoint","urlTemplate":"https:\/\/mk-deinfotograf.at\/?s={search_term_string}"},"query-input":{"@type":"PropertyValueSpecification","valueRequired":true,"valueName":"search_term_string"}}],"inLanguage":"de"}]}},"jetpack-related-posts":[{"id":166,"url":"https:\/\/mk-deinfotograf.at\/?page_id=166","url_meta":{"origin":1975,"position":0},"title":"Portfolio","author":"martin","date":"21. November 2019","format":false,"excerpt":"","rel":"","context":"\u00c4hnlicher Beitrag","block_context":{"text":"\u00c4hnlicher Beitrag","link":""},"img":{"alt_text":"","src":"https:\/\/i0.wp.com\/mk-deinfotograf.at\/wp-content\/uploads\/2024\/10\/Trauung-115-scaled.jpg?fit=1200%2C800&ssl=1&resize=350%2C200","width":350,"height":200,"srcset":"https:\/\/i0.wp.com\/mk-deinfotograf.at\/wp-content\/uploads\/2024\/10\/Trauung-115-scaled.jpg?fit=1200%2C800&ssl=1&resize=350%2C200 1x, https:\/\/i0.wp.com\/mk-deinfotograf.at\/wp-content\/uploads\/2024\/10\/Trauung-115-scaled.jpg?fit=1200%2C800&ssl=1&resize=525%2C300 1.5x, https:\/\/i0.wp.com\/mk-deinfotograf.at\/wp-content\/uploads\/2024\/10\/Trauung-115-scaled.jpg?fit=1200%2C800&ssl=1&resize=700%2C400 2x, https:\/\/i0.wp.com\/mk-deinfotograf.at\/wp-content\/uploads\/2024\/10\/Trauung-115-scaled.jpg?fit=1200%2C800&ssl=1&resize=1050%2C600 3x"},"classes":[]},{"id":8861,"url":"https:\/\/mk-deinfotograf.at\/?page_id=8861","url_meta":{"origin":1975,"position":1},"title":"Hochzeitsfeier in Mils","author":"martin","date":"23. Juni 2025","format":false,"excerpt":"","rel":"","context":"\u00c4hnlicher Beitrag","block_context":{"text":"\u00c4hnlicher Beitrag","link":""},"img":{"alt_text":"","src":"","width":0,"height":0},"classes":[]},{"id":7018,"url":"https:\/\/mk-deinfotograf.at\/?page_id=7018","url_meta":{"origin":1975,"position":2},"title":"\u00dcber Mich","author":"martin","date":"22. September 2022","format":false,"excerpt":"Lerne deinen Fotografen kennen! Hallo! Mein Name ist Martin Koch und ich freue mich sehr, dass du hier bist!\u00a0Ich fotografiere schon, solange ich mich erinnern kann. Mir gef\u00e4llt daran, die Emotionen mit der Kamera festzuhalten und mit meinen Bildern kleine Geschichten zu erz\u00e4hlen. Sp\u00e4ter kann man sich dann diese Bilder\u2026","rel":"","context":"\u00c4hnlicher Beitrag","block_context":{"text":"\u00c4hnlicher Beitrag","link":""},"img":{"alt_text":"","src":"https:\/\/i0.wp.com\/mk-deinfotograf.at\/wp-content\/uploads\/2022\/09\/Party-650x1300.jpg?resize=350%2C200&ssl=1","width":350,"height":200,"srcset":"https:\/\/i0.wp.com\/mk-deinfotograf.at\/wp-content\/uploads\/2022\/09\/Party-650x1300.jpg?resize=350%2C200&ssl=1 1x, https:\/\/i0.wp.com\/mk-deinfotograf.at\/wp-content\/uploads\/2022\/09\/Party-650x1300.jpg?resize=525%2C300&ssl=1 1.5x"},"classes":[]},{"id":8937,"url":"https:\/\/mk-deinfotograf.at\/?page_id=8937","url_meta":{"origin":1975,"position":3},"title":"Freie Trauung G\u00e4rtnerei Blumenkopf in Frastanz","author":"martin","date":"23. Juni 2025","format":false,"excerpt":"\u00a0 \u00a0 \u00a0","rel":"","context":"\u00c4hnlicher Beitrag","block_context":{"text":"\u00c4hnlicher Beitrag","link":""},"img":{"alt_text":"","src":"","width":0,"height":0},"classes":[]},{"id":3,"url":"https:\/\/mk-deinfotograf.at\/?page_id=3","url_meta":{"origin":1975,"position":4},"title":"Datenschutzerkl\u00e4rung","author":"admin","date":"11. Februar 2022","format":false,"excerpt":"Datenschutzerkl\u00e4rung Informationspflicht laut \u00a75 E-Commerce Gesetz, \u00a714 Unternehmensgesetzbuch, \u00a763 Gewerbeordnung und Offenlegungspflicht laut \u00a725 Mediengesetz. Martin KochMag. J. Ausserhoferstrasse 2,6130 Schwaz,\u00d6sterreich Unternehmensgegenstand: Berufsfotograf E-Mail: info@mk-deinfotograf.at EU-Streitschlichtung Gem\u00e4\u00df Verordnung \u00fcber Online-Streitbeilegung in Verbraucherangelegenheiten (ODR-Verordnung) m\u00f6chten wir Sie \u00fcber die Online-Streitbeilegungsplattform (OS-Plattform) informieren.Verbraucher haben die M\u00f6glichkeit, Beschwerden an die Online Streitbeilegungsplattform der\u2026","rel":"","context":"\u00c4hnlicher Beitrag","block_context":{"text":"\u00c4hnlicher Beitrag","link":""},"img":{"alt_text":"","src":"https:\/\/i0.wp.com\/mk-deinfotograf.at\/wp-content\/uploads\/2022\/09\/Icon-e1664310638382.png?resize=350%2C200","width":350,"height":200},"classes":[]}],"jetpack_sharing_enabled":true,"_links":{"self":[{"href":"https:\/\/mk-deinfotograf.at\/index.php?rest_route=\/wp\/v2\/pages\/1975","targetHints":{"allow":["GET"]}}],"collection":[{"href":"https:\/\/mk-deinfotograf.at\/index.php?rest_route=\/wp\/v2\/pages"}],"about":[{"href":"https:\/\/mk-deinfotograf.at\/index.php?rest_route=\/wp\/v2\/types\/page"}],"author":[{"embeddable":true,"href":"https:\/\/mk-deinfotograf.at\/index.php?rest_route=\/wp\/v2\/users\/2"}],"replies":[{"embeddable":true,"href":"https:\/\/mk-deinfotograf.at\/index.php?rest_route=%2Fwp%2Fv2%2Fcomments&post=1975"}],"version-history":[{"count":4,"href":"https:\/\/mk-deinfotograf.at\/index.php?rest_route=\/wp\/v2\/pages\/1975\/revisions"}],"predecessor-version":[{"id":8988,"href":"https:\/\/mk-deinfotograf.at\/index.php?rest_route=\/wp\/v2\/pages\/1975\/revisions\/8988"}],"wp:featuredmedia":[{"embeddable":true,"href":"https:\/\/mk-deinfotograf.at\/index.php?rest_route=\/wp\/v2\/media\/8673"}],"wp:attachment":[{"href":"https:\/\/mk-deinfotograf.at\/index.php?rest_route=%2Fwp%2Fv2%2Fmedia&parent=1975"}],"curies":[{"name":"wp","href":"https:\/\/api.w.org\/{rel}","templated":true}]}}