{"id":1229,"date":"2019-12-04T12:57:42","date_gmt":"2019-12-04T12:57:42","guid":{"rendered":"https:\/\/solene.qodeinteractive.com\/elementor\/?page_id=1229"},"modified":"2025-07-11T11:00:04","modified_gmt":"2025-07-11T09:00:04","slug":"contact","status":"publish","type":"page","link":"https:\/\/mk-deinfotograf.at\/?page_id=1229","title":{"rendered":"Kontakt \/ Preise"},"content":{"rendered":"\t\t<div data-elementor-type=\"wp-page\" data-elementor-id=\"1229\" class=\"elementor elementor-1229\">\n\t\t\t\t\t\t<section class=\"elementor-section elementor-top-section elementor-element elementor-element-e22da85 eltdf-elementor-row-grid-section elementor-section-boxed elementor-section-height-default elementor-section-height-default eltdf-parallax-row-no eltdf-content-aligment-left eltdf-disabled-bg-image-bellow-no\" data-id=\"e22da85\" data-element_type=\"section\">\n\t\t\t\t\t\t<div class=\"elementor-container elementor-column-gap-default\">\n\t\t\t\t\t<div class=\"elementor-column elementor-col-100 elementor-top-column elementor-element elementor-element-c113951\" data-id=\"c113951\" data-element_type=\"column\">\n\t\t\t<div class=\"elementor-widget-wrap elementor-element-populated\">\n\t\t\t\t\t\t<div class=\"elementor-element elementor-element-e53e474 elementor-widget elementor-widget-eltdf_section_title\" data-id=\"e53e474\" data-element_type=\"widget\" data-widget_type=\"eltdf_section_title.default\">\n\t\t\t\t<div class=\"elementor-widget-container\">\n\t\t\t\t\t<div class=\"eltdf-section-title-holder  \" style=\"text-align: left\">\n\t<div class=\"eltdf-st-inner\">\n\t\t\t\t\t\t\t<h2 class=\"eltdf-st-title\" style=\"color: #03989E\">\n\t\t\t\tMomente f\u00fcr Immer! \t\t\t\t\t\t\t<\/h2>\n\t\t\t\t\t\t\t<h3  class=\"eltdf-st-subtitle\" style=\"line-height: 27px;margin-top: 11px;text-transform: none;font-style: italic;color: #84847C\">\n\t\t\t\t<span>\n\t\t\t\t\tIch freue mich sehr \u00fcber euer Interesse!\t\t\t\t\t\t\t\t\t<\/span>\n\t\t\t<\/h3 >\n\t\t\t\t\t\t\t<p class=\"eltdf-st-text\" style=\"font-size: 15.3px;font-weight: 600;margin-top: 21px\">\n\t\t\t\tHallo, mein Name ist Martin Koch, komme aus Schwaz in Tirol und sehr gerne w\u00fcrde ich euch an eurem Tag fotografisch begleiten. F\u00fcllt einfach unten das Kontaktformular aus und ich werde mich schnellstm\u00f6glich bei euch melden. \ud83d\ude42\n\t\t\t<\/p>\n\t\t\t\t\t<\/div>\n<\/div>\t\t\t\t<\/div>\n\t\t\t\t<\/div>\n\t\t\t\t<div class=\"elementor-element elementor-element-1d553af elementor-widget elementor-widget-spacer\" data-id=\"1d553af\" data-element_type=\"widget\" data-widget_type=\"spacer.default\">\n\t\t\t\t<div class=\"elementor-widget-container\">\n\t\t\t\t\t\t\t<div class=\"elementor-spacer\">\n\t\t\t<div class=\"elementor-spacer-inner\"><\/div>\n\t\t<\/div>\n\t\t\t\t\t\t<\/div>\n\t\t\t\t<\/div>\n\t\t\t\t<div class=\"elementor-element elementor-element-1e00d5a elementor-widget elementor-widget-eltdf_section_title\" data-id=\"1e00d5a\" data-element_type=\"widget\" data-widget_type=\"eltdf_section_title.default\">\n\t\t\t\t<div class=\"elementor-widget-container\">\n\t\t\t\t\t<div class=\"eltdf-section-title-holder  \" style=\"text-align: left\">\n\t<div class=\"eltdf-st-inner\">\n\t\t\t\t\t\t\t<h2 class=\"eltdf-st-title\" style=\"color: #03989E\">\n\t\t\t\tPreise:\t\t\t\t\t\t\t<\/h2>\n\t\t\t\t\t\t\t<h3  class=\"eltdf-st-subtitle\" style=\"line-height: 27px;margin-top: 11px;text-transform: none;font-style: italic;color: #84847C\">\n\t\t\t\t<span>\n\t\t\t\t\tEine Reportage z.B. mit 6h beginnt ab \u20ac 2600,- \t\t\t\t\t\t\t\t\t<\/span>\n\t\t\t<\/h3 >\n\t\t\t\t\t\t\t<p class=\"eltdf-st-text\" style=\"font-size: 15.3px;font-weight: 600;margin-top: 21px\">\n\t\t\t\t\nBei der Reportage sind immer das Kennenlerngespr\u00e4ch, das Detailgespr\u00e4ch mit Ablaufplanung, die fotografische Begleitung nach euren W\u00fcnschen gestaltet und die Onlinegalerie mit allen bearbeiteten Bildern und einer Slideshow inbegriffen. Es gibt aber auch ganz viele Optionen, die zus\u00e4tzlich gebucht werden k\u00f6nnen, wie z.B. das Abendpaket, ein Fotobuch, das After Wedding Shooting usw. Gerne komme ich zu euch und wir besprechen alles gemeinsam im Detail. Ich erstelle euch dann auch sehr gerne ein individuelles Angebot ganz nach euren W\u00fcnschen!\n\t\t\t<\/p>\n\t\t\t\t\t<\/div>\n<\/div>\t\t\t\t<\/div>\n\t\t\t\t<\/div>\n\t\t\t\t<div class=\"elementor-element elementor-element-f10b7d6 elementor-widget elementor-widget-spacer\" data-id=\"f10b7d6\" data-element_type=\"widget\" data-widget_type=\"spacer.default\">\n\t\t\t\t<div class=\"elementor-widget-container\">\n\t\t\t\t\t\t\t<div class=\"elementor-spacer\">\n\t\t\t<div class=\"elementor-spacer-inner\"><\/div>\n\t\t<\/div>\n\t\t\t\t\t\t<\/div>\n\t\t\t\t<\/div>\n\t\t\t\t<div class=\"elementor-element elementor-element-9061695 elementor-widget elementor-widget-eltdf_single_image\" data-id=\"9061695\" data-element_type=\"widget\" data-widget_type=\"eltdf_single_image.default\">\n\t\t\t\t<div class=\"elementor-widget-container\">\n\t\t\t\t\t<div class=\"eltdf-single-image-holder   \">\n    <div class=\"eltdf-si-inner\" >\n                                    <img data-recalc-dims=\"1\" fetchpriority=\"high\" decoding=\"async\" src=\"https:\/\/i0.wp.com\/mk-deinfotograf.at\/wp-content\/uploads\/2022\/09\/Selbstprotrait-4_web-scaled.jpg?resize=200%2C300&#038;ssl=1\" alt=\"\" width=\"200\" height=\"300\" \/>                        <\/div>\n<\/div>\t\t\t\t<\/div>\n\t\t\t\t<\/div>\n\t\t\t\t<div class=\"elementor-element elementor-element-87f7b44 elementor-widget elementor-widget-spacer\" data-id=\"87f7b44\" data-element_type=\"widget\" data-widget_type=\"spacer.default\">\n\t\t\t\t<div class=\"elementor-widget-container\">\n\t\t\t\t\t\t\t<div class=\"elementor-spacer\">\n\t\t\t<div class=\"elementor-spacer-inner\"><\/div>\n\t\t<\/div>\n\t\t\t\t\t\t<\/div>\n\t\t\t\t<\/div>\n\t\t\t\t<section class=\"elementor-section elementor-inner-section elementor-element elementor-element-8081343 elementor-section-boxed elementor-section-height-default elementor-section-height-default eltdf-parallax-row-no eltdf-content-aligment-left eltdf-elementor-row-grid-no eltdf-disabled-bg-image-bellow-no\" data-id=\"8081343\" data-element_type=\"section\">\n\t\t\t\t\t\t<div class=\"elementor-container elementor-column-gap-default\">\n\t\t\t\t\t<div class=\"elementor-column elementor-col-100 elementor-inner-column elementor-element elementor-element-256b96c\" data-id=\"256b96c\" data-element_type=\"column\">\n\t\t\t<div class=\"elementor-widget-wrap\">\n\t\t\t\t\t\t\t<\/div>\n\t\t<\/div>\n\t\t\t\t\t<\/div>\n\t\t<\/section>\n\t\t\t\t\t<\/div>\n\t\t<\/div>\n\t\t\t\t\t<\/div>\n\t\t<\/section>\n\t\t\t\t<section class=\"elementor-section elementor-top-section elementor-element elementor-element-548e9da elementor-section-boxed elementor-section-height-default elementor-section-height-default eltdf-parallax-row-no eltdf-content-aligment-left eltdf-elementor-row-grid-no eltdf-disabled-bg-image-bellow-no\" data-id=\"548e9da\" data-element_type=\"section\">\n\t\t\t\t\t\t<div class=\"elementor-container elementor-column-gap-default\">\n\t\t\t\t\t<div class=\"elementor-column elementor-col-100 elementor-top-column elementor-element elementor-element-77f841a\" data-id=\"77f841a\" data-element_type=\"column\">\n\t\t\t<div class=\"elementor-widget-wrap elementor-element-populated\">\n\t\t\t\t\t\t<div class=\"elementor-element elementor-element-e8a2396 elementor-widget elementor-widget-heading\" data-id=\"e8a2396\" data-element_type=\"widget\" data-widget_type=\"heading.default\">\n\t\t\t\t<div class=\"elementor-widget-container\">\n\t\t\t\t\t<h2 class=\"elementor-heading-title elementor-size-default\">Kontaktformular<\/h2>\t\t\t\t<\/div>\n\t\t\t\t<\/div>\n\t\t\t\t<div class=\"elementor-element elementor-element-f5fc998 elementor-widget elementor-widget-text-editor\" data-id=\"f5fc998\" data-element_type=\"widget\" data-widget_type=\"text-editor.default\">\n\t\t\t\t<div class=\"elementor-widget-container\">\n\t\t\t\t\t\t\t\t\t<div id=\"kreativmanagement\" class=\"js-hm-form\" data-theme=\"elegant2Columns\" data-form-id=\"5f746aaf-6bc9-4986-864b-475f20be8755\"><script src=\"https:\/\/app.kreativ.management:443\/ContactForm\/GetContactFormWidget\"><\/script><\/div>\t\t\t\t\t\t\t\t<\/div>\n\t\t\t\t<\/div>\n\t\t\t\t\t<\/div>\n\t\t<\/div>\n\t\t\t\t\t<\/div>\n\t\t<\/section>\n\t\t\t\t<section class=\"elementor-section elementor-top-section elementor-element elementor-element-32b645d elementor-section-boxed elementor-section-height-default elementor-section-height-default eltdf-parallax-row-no eltdf-content-aligment-left eltdf-elementor-row-grid-no eltdf-disabled-bg-image-bellow-no\" data-id=\"32b645d\" data-element_type=\"section\">\n\t\t\t\t\t\t<div class=\"elementor-container elementor-column-gap-default\">\n\t\t\t\t\t<div class=\"elementor-column elementor-col-100 elementor-top-column elementor-element elementor-element-f3a6750\" data-id=\"f3a6750\" data-element_type=\"column\">\n\t\t\t<div class=\"elementor-widget-wrap\">\n\t\t\t\t\t\t\t<\/div>\n\t\t<\/div>\n\t\t\t\t\t<\/div>\n\t\t<\/section>\n\t\t\t\t<section class=\"elementor-section elementor-top-section elementor-element elementor-element-7e5d520 elementor-section-boxed elementor-section-height-default elementor-section-height-default eltdf-parallax-row-no eltdf-content-aligment-left eltdf-elementor-row-grid-no eltdf-disabled-bg-image-bellow-no\" data-id=\"7e5d520\" data-element_type=\"section\">\n\t\t\t\t\t\t<div class=\"elementor-container elementor-column-gap-default\">\n\t\t\t\t\t<div class=\"elementor-column elementor-col-100 elementor-top-column elementor-element elementor-element-5babccf\" data-id=\"5babccf\" data-element_type=\"column\">\n\t\t\t<div class=\"elementor-widget-wrap\">\n\t\t\t\t\t\t\t<\/div>\n\t\t<\/div>\n\t\t\t\t\t<\/div>\n\t\t<\/section>\n\t\t\t\t<\/div>\n\t\t","protected":false},"excerpt":{"rendered":"<p>Momente f\u00fcr Immer! Ich freue mich sehr \u00fcber euer Interesse! Hallo, mein Name ist Martin Koch, komme aus Schwaz in Tirol und sehr gerne w\u00fcrde ich euch an eurem Tag fotografisch begleiten. F\u00fcllt einfach unten das Kontaktformular aus und ich werde mich schnellstm\u00f6glich bei euch melden. \ud83d\ude42 Preise: Eine Reportage z.B. mit 6h beginnt ab \u20ac 2600,- [&hellip;]<\/p>\n","protected":false},"author":2,"featured_media":0,"parent":0,"menu_order":0,"comment_status":"closed","ping_status":"closed","template":"full-width.php","meta":{"footnotes":""},"class_list":["post-1229","page","type-page","status-publish","hentry"],"yoast_head":"<!-- This site is optimized with the Yoast SEO plugin v26.7 - https:\/\/yoast.com\/wordpress\/plugins\/seo\/ -->\n<title>Kontakt \/ Preise - MK - Hochzeitsfotografie<\/title>\n<meta name=\"description\" content=\"Hier findet ihr Details zu den Preisen bzw. den individuellen Angeboten\" \/>\n<meta name=\"robots\" content=\"index, follow, max-snippet:-1, max-image-preview:large, max-video-preview:-1\" \/>\n<link rel=\"canonical\" href=\"https:\/\/mk-deinfotograf.at\/?page_id=1229\" \/>\n<meta property=\"og:locale\" content=\"de_DE\" \/>\n<meta property=\"og:type\" content=\"article\" \/>\n<meta property=\"og:title\" content=\"Kontakt \/ Preise - MK - Hochzeitsfotografie\" \/>\n<meta property=\"og:description\" content=\"Hier findet ihr Details zu den Preisen bzw. den individuellen Angeboten\" \/>\n<meta property=\"og:url\" content=\"https:\/\/mk-deinfotograf.at\/?page_id=1229\" \/>\n<meta property=\"og:site_name\" content=\"MK - Hochzeitsfotografie\" \/>\n<meta property=\"article:modified_time\" content=\"2025-07-11T09:00:04+00:00\" \/>\n<meta property=\"og:image\" content=\"https:\/\/mk-deinfotograf.at\/wp-content\/uploads\/2022\/09\/Selbstprotrait-4_web-scaled-200x300.jpg\" \/>\n<meta name=\"twitter:card\" content=\"summary_large_image\" \/>\n<script type=\"application\/ld+json\" class=\"yoast-schema-graph\">{\"@context\":\"https:\/\/schema.org\",\"@graph\":[{\"@type\":\"WebPage\",\"@id\":\"https:\/\/mk-deinfotograf.at\/?page_id=1229\",\"url\":\"https:\/\/mk-deinfotograf.at\/?page_id=1229\",\"name\":\"Kontakt \/ Preise - MK - Hochzeitsfotografie\",\"isPartOf\":{\"@id\":\"https:\/\/mk-deinfotograf.at\/#website\"},\"primaryImageOfPage\":{\"@id\":\"https:\/\/mk-deinfotograf.at\/?page_id=1229#primaryimage\"},\"image\":{\"@id\":\"https:\/\/mk-deinfotograf.at\/?page_id=1229#primaryimage\"},\"thumbnailUrl\":\"https:\/\/mk-deinfotograf.at\/wp-content\/uploads\/2022\/09\/Selbstprotrait-4_web-scaled-200x300.jpg\",\"datePublished\":\"2019-12-04T12:57:42+00:00\",\"dateModified\":\"2025-07-11T09:00:04+00:00\",\"description\":\"Hier findet ihr Details zu den Preisen bzw. den individuellen Angeboten\",\"breadcrumb\":{\"@id\":\"https:\/\/mk-deinfotograf.at\/?page_id=1229#breadcrumb\"},\"inLanguage\":\"de\",\"potentialAction\":[{\"@type\":\"ReadAction\",\"target\":[\"https:\/\/mk-deinfotograf.at\/?page_id=1229\"]}]},{\"@type\":\"ImageObject\",\"inLanguage\":\"de\",\"@id\":\"https:\/\/mk-deinfotograf.at\/?page_id=1229#primaryimage\",\"url\":\"https:\/\/i0.wp.com\/mk-deinfotograf.at\/wp-content\/uploads\/2022\/09\/Selbstprotrait-4_web-scaled.jpg?fit=1707%2C2560&ssl=1\",\"contentUrl\":\"https:\/\/i0.wp.com\/mk-deinfotograf.at\/wp-content\/uploads\/2022\/09\/Selbstprotrait-4_web-scaled.jpg?fit=1707%2C2560&ssl=1\",\"width\":1707,\"height\":2560},{\"@type\":\"BreadcrumbList\",\"@id\":\"https:\/\/mk-deinfotograf.at\/?page_id=1229#breadcrumb\",\"itemListElement\":[{\"@type\":\"ListItem\",\"position\":1,\"name\":\"Startseite\",\"item\":\"https:\/\/mk-deinfotograf.at\/\"},{\"@type\":\"ListItem\",\"position\":2,\"name\":\"Kontakt \/ Preise\"}]},{\"@type\":\"WebSite\",\"@id\":\"https:\/\/mk-deinfotograf.at\/#website\",\"url\":\"https:\/\/mk-deinfotograf.at\/\",\"name\":\"MK - Hochzeitsfotografie\",\"description\":\"by Martin Koch\",\"potentialAction\":[{\"@type\":\"SearchAction\",\"target\":{\"@type\":\"EntryPoint\",\"urlTemplate\":\"https:\/\/mk-deinfotograf.at\/?s={search_term_string}\"},\"query-input\":{\"@type\":\"PropertyValueSpecification\",\"valueRequired\":true,\"valueName\":\"search_term_string\"}}],\"inLanguage\":\"de\"}]}<\/script>\n<!-- \/ Yoast SEO plugin. -->","yoast_head_json":{"title":"Kontakt \/ Preise - MK - Hochzeitsfotografie","description":"Hier findet ihr Details zu den Preisen bzw. den individuellen Angeboten","robots":{"index":"index","follow":"follow","max-snippet":"max-snippet:-1","max-image-preview":"max-image-preview:large","max-video-preview":"max-video-preview:-1"},"canonical":"https:\/\/mk-deinfotograf.at\/?page_id=1229","og_locale":"de_DE","og_type":"article","og_title":"Kontakt \/ Preise - MK - Hochzeitsfotografie","og_description":"Hier findet ihr Details zu den Preisen bzw. den individuellen Angeboten","og_url":"https:\/\/mk-deinfotograf.at\/?page_id=1229","og_site_name":"MK - Hochzeitsfotografie","article_modified_time":"2025-07-11T09:00:04+00:00","og_image":[{"url":"https:\/\/mk-deinfotograf.at\/wp-content\/uploads\/2022\/09\/Selbstprotrait-4_web-scaled-200x300.jpg","type":"","width":"","height":""}],"twitter_card":"summary_large_image","schema":{"@context":"https:\/\/schema.org","@graph":[{"@type":"WebPage","@id":"https:\/\/mk-deinfotograf.at\/?page_id=1229","url":"https:\/\/mk-deinfotograf.at\/?page_id=1229","name":"Kontakt \/ Preise - MK - Hochzeitsfotografie","isPartOf":{"@id":"https:\/\/mk-deinfotograf.at\/#website"},"primaryImageOfPage":{"@id":"https:\/\/mk-deinfotograf.at\/?page_id=1229#primaryimage"},"image":{"@id":"https:\/\/mk-deinfotograf.at\/?page_id=1229#primaryimage"},"thumbnailUrl":"https:\/\/mk-deinfotograf.at\/wp-content\/uploads\/2022\/09\/Selbstprotrait-4_web-scaled-200x300.jpg","datePublished":"2019-12-04T12:57:42+00:00","dateModified":"2025-07-11T09:00:04+00:00","description":"Hier findet ihr Details zu den Preisen bzw. den individuellen Angeboten","breadcrumb":{"@id":"https:\/\/mk-deinfotograf.at\/?page_id=1229#breadcrumb"},"inLanguage":"de","potentialAction":[{"@type":"ReadAction","target":["https:\/\/mk-deinfotograf.at\/?page_id=1229"]}]},{"@type":"ImageObject","inLanguage":"de","@id":"https:\/\/mk-deinfotograf.at\/?page_id=1229#primaryimage","url":"https:\/\/i0.wp.com\/mk-deinfotograf.at\/wp-content\/uploads\/2022\/09\/Selbstprotrait-4_web-scaled.jpg?fit=1707%2C2560&ssl=1","contentUrl":"https:\/\/i0.wp.com\/mk-deinfotograf.at\/wp-content\/uploads\/2022\/09\/Selbstprotrait-4_web-scaled.jpg?fit=1707%2C2560&ssl=1","width":1707,"height":2560},{"@type":"BreadcrumbList","@id":"https:\/\/mk-deinfotograf.at\/?page_id=1229#breadcrumb","itemListElement":[{"@type":"ListItem","position":1,"name":"Startseite","item":"https:\/\/mk-deinfotograf.at\/"},{"@type":"ListItem","position":2,"name":"Kontakt \/ Preise"}]},{"@type":"WebSite","@id":"https:\/\/mk-deinfotograf.at\/#website","url":"https:\/\/mk-deinfotograf.at\/","name":"MK - Hochzeitsfotografie","description":"by Martin Koch","potentialAction":[{"@type":"SearchAction","target":{"@type":"EntryPoint","urlTemplate":"https:\/\/mk-deinfotograf.at\/?s={search_term_string}"},"query-input":{"@type":"PropertyValueSpecification","valueRequired":true,"valueName":"search_term_string"}}],"inLanguage":"de"}]}},"jetpack-related-posts":[{"id":7018,"url":"https:\/\/mk-deinfotograf.at\/?page_id=7018","url_meta":{"origin":1229,"position":0},"title":"\u00dcber Mich","author":"martin","date":"22. September 2022","format":false,"excerpt":"Lerne deinen Fotografen kennen! Hallo! Mein Name ist Martin Koch und ich freue mich sehr, dass du hier bist!\u00a0Ich fotografiere schon, solange ich mich erinnern kann. Mir gef\u00e4llt daran, die Emotionen mit der Kamera festzuhalten und mit meinen Bildern kleine Geschichten zu erz\u00e4hlen. Sp\u00e4ter kann man sich dann diese Bilder\u2026","rel":"","context":"\u00c4hnlicher Beitrag","block_context":{"text":"\u00c4hnlicher Beitrag","link":""},"img":{"alt_text":"","src":"https:\/\/i0.wp.com\/mk-deinfotograf.at\/wp-content\/uploads\/2022\/09\/Party-650x1300.jpg?resize=350%2C200&ssl=1","width":350,"height":200,"srcset":"https:\/\/i0.wp.com\/mk-deinfotograf.at\/wp-content\/uploads\/2022\/09\/Party-650x1300.jpg?resize=350%2C200&ssl=1 1x, https:\/\/i0.wp.com\/mk-deinfotograf.at\/wp-content\/uploads\/2022\/09\/Party-650x1300.jpg?resize=525%2C300&ssl=1 1.5x"},"classes":[]},{"id":1975,"url":"https:\/\/mk-deinfotograf.at\/","url_meta":{"origin":1229,"position":1},"title":"Home","author":"martin","date":"17. Dezember 2019","format":false,"excerpt":"Jetzt anfragen Dein Hochzeitsfotograf aus Tirol","rel":"","context":"\u00c4hnlicher Beitrag","block_context":{"text":"\u00c4hnlicher Beitrag","link":""},"img":{"alt_text":"","src":"https:\/\/i0.wp.com\/mk-deinfotograf.at\/wp-content\/uploads\/2024\/10\/Trauung-115-scaled.jpg?fit=1200%2C800&ssl=1&resize=350%2C200","width":350,"height":200,"srcset":"https:\/\/i0.wp.com\/mk-deinfotograf.at\/wp-content\/uploads\/2024\/10\/Trauung-115-scaled.jpg?fit=1200%2C800&ssl=1&resize=350%2C200 1x, https:\/\/i0.wp.com\/mk-deinfotograf.at\/wp-content\/uploads\/2024\/10\/Trauung-115-scaled.jpg?fit=1200%2C800&ssl=1&resize=525%2C300 1.5x, https:\/\/i0.wp.com\/mk-deinfotograf.at\/wp-content\/uploads\/2024\/10\/Trauung-115-scaled.jpg?fit=1200%2C800&ssl=1&resize=700%2C400 2x, https:\/\/i0.wp.com\/mk-deinfotograf.at\/wp-content\/uploads\/2024\/10\/Trauung-115-scaled.jpg?fit=1200%2C800&ssl=1&resize=1050%2C600 3x"},"classes":[]},{"id":8855,"url":"https:\/\/mk-deinfotograf.at\/?page_id=8855","url_meta":{"origin":1229,"position":2},"title":"Heiraten am Achensee","author":"martin","date":"23. Juni 2025","format":false,"excerpt":"","rel":"","context":"\u00c4hnlicher Beitrag","block_context":{"text":"\u00c4hnlicher Beitrag","link":""},"img":{"alt_text":"","src":"","width":0,"height":0},"classes":[]},{"id":619,"url":"https:\/\/mk-deinfotograf.at\/?page_id=619","url_meta":{"origin":1229,"position":3},"title":"Dankesch\u00f6n","author":"martin","date":"26. November 2019","format":false,"excerpt":"Dankesch\u00f6n!Ich melde mich schnellstm\u00f6glich bei dir!","rel":"","context":"\u00c4hnlicher Beitrag","block_context":{"text":"\u00c4hnlicher Beitrag","link":""},"img":{"alt_text":"","src":"","width":0,"height":0},"classes":[]},{"id":166,"url":"https:\/\/mk-deinfotograf.at\/?page_id=166","url_meta":{"origin":1229,"position":4},"title":"Portfolio","author":"martin","date":"21. November 2019","format":false,"excerpt":"","rel":"","context":"\u00c4hnlicher Beitrag","block_context":{"text":"\u00c4hnlicher Beitrag","link":""},"img":{"alt_text":"","src":"https:\/\/i0.wp.com\/mk-deinfotograf.at\/wp-content\/uploads\/2024\/10\/Trauung-115-scaled.jpg?fit=1200%2C800&ssl=1&resize=350%2C200","width":350,"height":200,"srcset":"https:\/\/i0.wp.com\/mk-deinfotograf.at\/wp-content\/uploads\/2024\/10\/Trauung-115-scaled.jpg?fit=1200%2C800&ssl=1&resize=350%2C200 1x, https:\/\/i0.wp.com\/mk-deinfotograf.at\/wp-content\/uploads\/2024\/10\/Trauung-115-scaled.jpg?fit=1200%2C800&ssl=1&resize=525%2C300 1.5x, https:\/\/i0.wp.com\/mk-deinfotograf.at\/wp-content\/uploads\/2024\/10\/Trauung-115-scaled.jpg?fit=1200%2C800&ssl=1&resize=700%2C400 2x, https:\/\/i0.wp.com\/mk-deinfotograf.at\/wp-content\/uploads\/2024\/10\/Trauung-115-scaled.jpg?fit=1200%2C800&ssl=1&resize=1050%2C600 3x"},"classes":[]},{"id":8873,"url":"https:\/\/mk-deinfotograf.at\/?page_id=8873","url_meta":{"origin":1229,"position":5},"title":"Freie Trauung Glaserhof Gnadenwald","author":"martin","date":"23. Juni 2025","format":false,"excerpt":"\u00a0","rel":"","context":"\u00c4hnlicher Beitrag","block_context":{"text":"\u00c4hnlicher Beitrag","link":""},"img":{"alt_text":"","src":"https:\/\/i0.wp.com\/mk-deinfotograf.at\/wp-content\/uploads\/2025\/01\/Vanessa-Michael-Trauung-127-scaled.jpg?fit=800%2C1200&ssl=1&resize=350%2C200","width":350,"height":200,"srcset":"https:\/\/i0.wp.com\/mk-deinfotograf.at\/wp-content\/uploads\/2025\/01\/Vanessa-Michael-Trauung-127-scaled.jpg?fit=800%2C1200&ssl=1&resize=350%2C200 1x, https:\/\/i0.wp.com\/mk-deinfotograf.at\/wp-content\/uploads\/2025\/01\/Vanessa-Michael-Trauung-127-scaled.jpg?fit=800%2C1200&ssl=1&resize=525%2C300 1.5x, https:\/\/i0.wp.com\/mk-deinfotograf.at\/wp-content\/uploads\/2025\/01\/Vanessa-Michael-Trauung-127-scaled.jpg?fit=800%2C1200&ssl=1&resize=700%2C400 2x"},"classes":[]}],"jetpack_sharing_enabled":true,"_links":{"self":[{"href":"https:\/\/mk-deinfotograf.at\/index.php?rest_route=\/wp\/v2\/pages\/1229","targetHints":{"allow":["GET"]}}],"collection":[{"href":"https:\/\/mk-deinfotograf.at\/index.php?rest_route=\/wp\/v2\/pages"}],"about":[{"href":"https:\/\/mk-deinfotograf.at\/index.php?rest_route=\/wp\/v2\/types\/page"}],"author":[{"embeddable":true,"href":"https:\/\/mk-deinfotograf.at\/index.php?rest_route=\/wp\/v2\/users\/2"}],"replies":[{"embeddable":true,"href":"https:\/\/mk-deinfotograf.at\/index.php?rest_route=%2Fwp%2Fv2%2Fcomments&post=1229"}],"version-history":[{"count":3,"href":"https:\/\/mk-deinfotograf.at\/index.php?rest_route=\/wp\/v2\/pages\/1229\/revisions"}],"predecessor-version":[{"id":8984,"href":"https:\/\/mk-deinfotograf.at\/index.php?rest_route=\/wp\/v2\/pages\/1229\/revisions\/8984"}],"wp:attachment":[{"href":"https:\/\/mk-deinfotograf.at\/index.php?rest_route=%2Fwp%2Fv2%2Fmedia&parent=1229"}],"curies":[{"name":"wp","href":"https:\/\/api.w.org\/{rel}","templated":true}]}}